{"id":485,"date":"2022-10-13T02:04:31","date_gmt":"2022-10-13T02:04:31","guid":{"rendered":"https:\/\/archerdigital.net\/elspoilerdetuvida\/?page_id=485"},"modified":"2023-02-08T04:07:10","modified_gmt":"2023-02-08T04:07:10","slug":"nosotros","status":"publish","type":"page","link":"https:\/\/archerdigital.net\/elspoilerdetuvida\/nosotros\/","title":{"rendered":"Nosotros"},"content":{"rendered":"\t\t<div data-elementor-type=\"wp-page\" data-elementor-id=\"485\" class=\"elementor elementor-485\" data-elementor-post-type=\"page\">\n\t\t\t\t\t\t<section class=\"elementor-section elementor-top-section elementor-element elementor-element-a13a893 elementor-section-height-min-height elementor-section-boxed elementor-section-height-default elementor-section-items-middle\" data-id=\"a13a893\" data-element_type=\"section\" data-settings=\"{&quot;background_background&quot;:&quot;classic&quot;}\">\n\t\t\t\t\t\t<div class=\"elementor-container elementor-column-gap-default\">\n\t\t\t\t\t<div class=\"elementor-column elementor-col-100 elementor-top-column elementor-element elementor-element-882efa4\" data-id=\"882efa4\" data-element_type=\"column\">\n\t\t\t<div class=\"elementor-widget-wrap elementor-element-populated\">\n\t\t\t\t\t\t<div class=\"elementor-element elementor-element-05ac3e5 elementor-widget elementor-widget-heading\" data-id=\"05ac3e5\" data-element_type=\"widget\" data-widget_type=\"heading.default\">\n\t\t\t\t<div class=\"elementor-widget-container\">\n\t\t\t\t\t<div class=\"elementor-heading-title elementor-size-default\">Nosotros<\/div>\t\t\t\t<\/div>\n\t\t\t\t<\/div>\n\t\t\t\t<div class=\"elementor-element elementor-element-598407a elementor-widget elementor-widget-heading\" data-id=\"598407a\" data-element_type=\"widget\" data-widget_type=\"heading.default\">\n\t\t\t\t<div class=\"elementor-widget-container\">\n\t\t\t\t\t<h1 class=\"elementor-heading-title elementor-size-default\">No vivir\u00e1s de hacer memes<\/h1>\t\t\t\t<\/div>\n\t\t\t\t<\/div>\n\t\t\t\t\t<\/div>\n\t\t<\/div>\n\t\t\t\t\t<\/div>\n\t\t<\/section>\n\t\t\t\t<section class=\"elementor-section elementor-top-section elementor-element elementor-element-57e9d43 elementor-section-boxed elementor-section-height-default elementor-section-height-default\" data-id=\"57e9d43\" data-element_type=\"section\">\n\t\t\t\t\t\t<div class=\"elementor-container elementor-column-gap-default\">\n\t\t\t\t\t<div class=\"elementor-column elementor-col-50 elementor-top-column elementor-element elementor-element-518ca15\" data-id=\"518ca15\" data-element_type=\"column\">\n\t\t\t<div class=\"elementor-widget-wrap elementor-element-populated\">\n\t\t\t\t\t\t<div class=\"elementor-element elementor-element-b8df077 elementor-widget elementor-widget-heading\" data-id=\"b8df077\" data-element_type=\"widget\" data-widget_type=\"heading.default\">\n\t\t\t\t<div class=\"elementor-widget-container\">\n\t\t\t\t\t<h2 class=\"elementor-heading-title elementor-size-default\">Jaime Calder\u00f3n (Jota)<\/h2>\t\t\t\t<\/div>\n\t\t\t\t<\/div>\n\t\t\t\t<div class=\"elementor-element elementor-element-3e002bc elementor-widget elementor-widget-image\" data-id=\"3e002bc\" data-element_type=\"widget\" data-widget_type=\"image.default\">\n\t\t\t\t<div class=\"elementor-widget-container\">\n\t\t\t\t\t\t\t\t\t\t\t\t\t\t\t<img fetchpriority=\"high\" decoding=\"async\" width=\"720\" height=\"480\" src=\"https:\/\/archerdigital.net\/elspoilerdetuvida\/wp-content\/uploads\/2023\/02\/jaime-calderon.jpg\" class=\"attachment-full size-full wp-image-646\" alt=\"\" srcset=\"https:\/\/archerdigital.net\/elspoilerdetuvida\/wp-content\/uploads\/2023\/02\/jaime-calderon.jpg 720w, https:\/\/archerdigital.net\/elspoilerdetuvida\/wp-content\/uploads\/2023\/02\/jaime-calderon-300x200.jpg 300w, https:\/\/archerdigital.net\/elspoilerdetuvida\/wp-content\/uploads\/2023\/02\/jaime-calderon-600x400.jpg 600w\" sizes=\"(max-width: 720px) 100vw, 720px\" \/>\t\t\t\t\t\t\t\t\t\t\t\t\t\t\t<\/div>\n\t\t\t\t<\/div>\n\t\t\t\t\t<\/div>\n\t\t<\/div>\n\t\t\t\t<div class=\"elementor-column elementor-col-50 elementor-top-column elementor-element elementor-element-03165b8\" data-id=\"03165b8\" data-element_type=\"column\">\n\t\t\t<div class=\"elementor-widget-wrap elementor-element-populated\">\n\t\t\t\t\t\t<div class=\"elementor-element elementor-element-6b049f0 elementor-widget elementor-widget-text-editor\" data-id=\"6b049f0\" data-element_type=\"widget\" data-widget_type=\"text-editor.default\">\n\t\t\t\t<div class=\"elementor-widget-container\">\n\t\t\t\t\t\t\t\t\t<p>Creo que <strong>desde peque\u00f1o siempre fui competitivo<\/strong>, arriesgado y que siempre buscaba andar al l\u00edmite todo el tiempo, sin importar los rega\u00f1os de mam\u00e1.<\/p><p>Aunque otras veces solo quer\u00eda pintar o <strong>jugar Nintendo en casa del abuelo<\/strong>.<\/p><p>Pensaba que estaba bien no hablar de pol\u00edtica ni de sexo en la mesa, pero despu\u00e9s me di cuenta que tal vez esa sea una de las razones de nuestros males.<\/p><p>Algunas personas me dicen que <strong>soy el coste\u00f1o m\u00e1s \u00abrolo\u00bb que han conocido<\/strong>, ( yo no lo creo as\u00ed) tal vez lo digan por mis gustos musicales ajenos a las nuevas olas vallenatas<\/p><p>pero <strong>soy m\u00e1s corroncho que la palabra Nomejo\u00f1e.<\/strong><\/p><p>Despu\u00e9s de que mi perro (Homero) lleg\u00f3 a mi vida, nunca m\u00e1s volv\u00ed a dormir hasta tarde ni preocuparme por las alarmas. Creo en mi familia y en algo superior a todos nosotros.<\/p><p><strong>Tambi\u00e9n soy dise\u00f1ador gr\u00e1fico.<\/strong><\/p>\t\t\t\t\t\t\t\t<\/div>\n\t\t\t\t<\/div>\n\t\t\t\t\t<\/div>\n\t\t<\/div>\n\t\t\t\t\t<\/div>\n\t\t<\/section>\n\t\t\t\t<section class=\"elementor-section elementor-top-section elementor-element elementor-element-b9ae17f elementor-section-boxed elementor-section-height-default elementor-section-height-default\" data-id=\"b9ae17f\" data-element_type=\"section\">\n\t\t\t\t\t\t<div class=\"elementor-container elementor-column-gap-default\">\n\t\t\t\t\t<div class=\"elementor-column elementor-col-50 elementor-top-column elementor-element elementor-element-f4047a8\" data-id=\"f4047a8\" data-element_type=\"column\">\n\t\t\t<div class=\"elementor-widget-wrap elementor-element-populated\">\n\t\t\t\t\t\t<div class=\"elementor-element elementor-element-4aba876 elementor-widget elementor-widget-text-editor\" data-id=\"4aba876\" data-element_type=\"widget\" data-widget_type=\"text-editor.default\">\n\t\t\t\t<div class=\"elementor-widget-container\">\n\t\t\t\t\t\t\t\t\t<p><span style=\"font-weight: 400;\"><strong>De ni\u00f1o quer\u00eda ser piloto<\/strong> pero claramente la miop\u00eda y el astigmatismo fueron nublando esas ilusiones, amo la m\u00fasica aunque ella no me ama a m\u00ed, <strong>empec\u00e9 a escribir para escapar de un desamor<\/strong> y de alguna forma lo convert\u00ed en una profesi\u00f3n que hoy se traduce en textos publicitarios.<\/span><\/p><p><span style=\"font-weight: 400;\">Soy hijo de la mujer m\u00e1s determinada y fuerte que conozco, y de un hombre que para m\u00ed es el creativo m\u00e1s grande que conocer\u00e9. <strong>Nunca aprend\u00ed a bailar salsa<\/strong>, pero como en todo, lo intento. <strong>No me da pena mi segundo nombre<\/strong> y una vez una se\u00f1ora me dijo que mi tono de voz le recordaba al de su difunto esposo.<\/span><span style=\"font-weight: 400;\"><br \/><\/span><\/p><p><span style=\"font-weight: 400;\">He tenido <strong>enemigos que se han convertido en amigos<\/strong> y viceversa, he tenido amores fallidos, guayabos eternos, me han destruido el coraz\u00f3n, me han dedicado canciones con odio, con amor y con deseo. Me dicen que hago malacara por todo y que a veces contesto con 4 piedras en la mano.\u00a0<\/span><\/p><p><span style=\"font-weight: 400;\">Siempre quise tirarle las verdades al mundo, escupirle y burlarme como en algunas ocasiones ha hecho conmigo, <strong>este es el reflejo de una vida resumida en frases y canciones. <\/strong><\/span><\/p>\t\t\t\t\t\t\t\t<\/div>\n\t\t\t\t<\/div>\n\t\t\t\t\t<\/div>\n\t\t<\/div>\n\t\t\t\t<div class=\"elementor-column elementor-col-50 elementor-top-column elementor-element elementor-element-8365e9e\" data-id=\"8365e9e\" data-element_type=\"column\">\n\t\t\t<div class=\"elementor-widget-wrap elementor-element-populated\">\n\t\t\t\t\t\t<div class=\"elementor-element elementor-element-b906b50 elementor-widget elementor-widget-heading\" data-id=\"b906b50\" data-element_type=\"widget\" data-widget_type=\"heading.default\">\n\t\t\t\t<div class=\"elementor-widget-container\">\n\t\t\t\t\t<h2 class=\"elementor-heading-title elementor-size-default\">Juli\u00e1n Navarro<\/h2>\t\t\t\t<\/div>\n\t\t\t\t<\/div>\n\t\t\t\t<div class=\"elementor-element elementor-element-0cf3306 elementor-widget elementor-widget-image\" data-id=\"0cf3306\" data-element_type=\"widget\" data-widget_type=\"image.default\">\n\t\t\t\t<div class=\"elementor-widget-container\">\n\t\t\t\t\t\t\t\t\t\t\t\t\t\t\t<img decoding=\"async\" width=\"720\" height=\"480\" src=\"https:\/\/archerdigital.net\/elspoilerdetuvida\/wp-content\/uploads\/2023\/02\/julian-navarro.jpg\" class=\"attachment-full size-full wp-image-647\" alt=\"\" srcset=\"https:\/\/archerdigital.net\/elspoilerdetuvida\/wp-content\/uploads\/2023\/02\/julian-navarro.jpg 720w, https:\/\/archerdigital.net\/elspoilerdetuvida\/wp-content\/uploads\/2023\/02\/julian-navarro-300x200.jpg 300w, https:\/\/archerdigital.net\/elspoilerdetuvida\/wp-content\/uploads\/2023\/02\/julian-navarro-600x400.jpg 600w\" sizes=\"(max-width: 720px) 100vw, 720px\" \/>\t\t\t\t\t\t\t\t\t\t\t\t\t\t\t<\/div>\n\t\t\t\t<\/div>\n\t\t\t\t\t<\/div>\n\t\t<\/div>\n\t\t\t\t\t<\/div>\n\t\t<\/section>\n\t\t\t\t<section class=\"elementor-section elementor-top-section elementor-element elementor-element-568ad99 elementor-section-boxed elementor-section-height-default elementor-section-height-default\" data-id=\"568ad99\" data-element_type=\"section\">\n\t\t\t\t\t\t<div class=\"elementor-container elementor-column-gap-default\">\n\t\t\t\t\t<div class=\"elementor-column elementor-col-100 elementor-top-column elementor-element elementor-element-e321288\" data-id=\"e321288\" data-element_type=\"column\">\n\t\t\t<div class=\"elementor-widget-wrap elementor-element-populated\">\n\t\t\t\t\t\t\t<\/div>\n\t\t<\/div>\n\t\t\t\t\t<\/div>\n\t\t<\/section>\n\t\t\t\t<\/div>\n\t\t","protected":false},"excerpt":{"rendered":"<p>Nosotros No vivir\u00e1s de hacer memes Jaime Calder\u00f3n (Jota) Creo que desde peque\u00f1o siempre fui competitivo, arriesgado y que siempre buscaba andar al l\u00edmite todo el tiempo, sin importar los rega\u00f1os de mam\u00e1. Aunque otras veces solo quer\u00eda pintar o jugar Nintendo en casa del abuelo. Pensaba que estaba bien no hablar de pol\u00edtica ni [&hellip;]<\/p>\n","protected":false},"author":2,"featured_media":0,"parent":0,"menu_order":0,"comment_status":"closed","ping_status":"closed","template":"elementor_header_footer","meta":{"footnotes":""},"class_list":["post-485","page","type-page","status-publish","hentry"],"_hostinger_reach_plugin_has_subscription_block":false,"_hostinger_reach_plugin_is_elementor":false,"_links":{"self":[{"href":"https:\/\/archerdigital.net\/elspoilerdetuvida\/wp-json\/wp\/v2\/pages\/485","targetHints":{"allow":["GET"]}}],"collection":[{"href":"https:\/\/archerdigital.net\/elspoilerdetuvida\/wp-json\/wp\/v2\/pages"}],"about":[{"href":"https:\/\/archerdigital.net\/elspoilerdetuvida\/wp-json\/wp\/v2\/types\/page"}],"author":[{"embeddable":true,"href":"https:\/\/archerdigital.net\/elspoilerdetuvida\/wp-json\/wp\/v2\/users\/2"}],"replies":[{"embeddable":true,"href":"https:\/\/archerdigital.net\/elspoilerdetuvida\/wp-json\/wp\/v2\/comments?post=485"}],"version-history":[{"count":43,"href":"https:\/\/archerdigital.net\/elspoilerdetuvida\/wp-json\/wp\/v2\/pages\/485\/revisions"}],"predecessor-version":[{"id":900,"href":"https:\/\/archerdigital.net\/elspoilerdetuvida\/wp-json\/wp\/v2\/pages\/485\/revisions\/900"}],"wp:attachment":[{"href":"https:\/\/archerdigital.net\/elspoilerdetuvida\/wp-json\/wp\/v2\/media?parent=485"}],"curies":[{"name":"wp","href":"https:\/\/api.w.org\/{rel}","templated":true}]}}